{"id":1432,"date":"2026-02-17T14:54:17","date_gmt":"2026-02-17T13:54:17","guid":{"rendered":"https:\/\/loucabasson.geek-tonic.dev\/mentions-legales\/"},"modified":"2026-04-14T15:14:46","modified_gmt":"2026-04-14T13:14:46","slug":"informazioni-legali","status":"publish","type":"page","link":"https:\/\/loucabasson.geek-tonic.dev\/it\/informazioni-legali\/","title":{"rendered":"Informazioni legali"},"content":{"rendered":"\n<div class=\"wp-block-group title-breadcrumb has-border-color has-global-padding is-layout-constrained wp-container-core-group-is-layout-9357567d wp-block-group-is-layout-constrained\" style=\"border-color:#ffffff00;border-width:4rem;padding-top:8rem;padding-right:8rem;padding-bottom:8rem;padding-left:8rem\">\n<h1 class=\"wp-block-heading has-text-align-center has-custom-color-1-color has-text-color has-link-color has-gc-milan-headline-font-family wp-elements-a040112dc0ddfafc978d5a2c331a7952\" style=\"font-size:clamp(1.743rem, 1.743rem + ((1vw - 0.2rem) * 2.095), 3rem);line-height:1\"><strong>Informazioni legali<\/strong><\/h1>\n\n\n\n<hr class=\"wp-block-separator has-alpha-channel-opacity\" style=\"margin-top:var(--wp--preset--spacing--40);margin-bottom:var(--wp--preset--spacing--40)\"\/>\n\n\n\n<h2 class=\"wp-block-heading has-custom-color-1-color has-text-color has-link-color has-retcaro-font-family wp-elements-b0564e37b878d32a8f64ef1bd6f62029\" id=\"gdpr-1\" style=\"font-size:clamp(1.25rem, 1.25rem + ((1vw - 0.2rem) * 1.25), 2rem);line-height:1\">RESPONSABILE DEL SITO<\/h2>\n\n\n\n<p><strong>Camping Lou Cabasson<\/strong><br\/>2168 Rte de Cabasson, 83230, Bormes-les-Mimosas<br\/>Tel. +33494152072<br\/>Email: contact@campingloucabasson.com<br\/>SIRET : 401 196 126 00015<br\/>Capitale sociale di 10.000 \u20ac<br\/>Partita IVA: FR71401196126<br\/>Responsabile della pubblicazione :<\/p>\n\n\n\n<h2 class=\"wp-block-heading\">PRODUZIONE<\/h2>\n\n\n\n<p><strong>GEEK TONIC<\/strong><br\/>Rappresentato da Yohann Darmayan in qualit\u00e0 di Manager<br\/>Sede legale: 16 chemin de Sabalce 64100 Bayonne<br\/>Tel: 05 32 74 11 52<br\/>E-mail: support@geek-tonic.com<br\/>Sito web: <a href=\"https:\/\/www.geek-tonic.com\/\" target=\"_blank\" rel=\"noreferrer noopener\">www.geek-tonic.com<\/a><br\/>SIRET: 89746755100031<br\/>APE: 6201Z<\/p>\n\n\n\n<h2 class=\"wp-block-heading\">Contenuti editoriali<\/h2>\n\n\n\n<p>Il Sito offre contenuti editoriali (hotel, camere, ecc.) a scopo puramente informativo. Questi contenuti devono essere considerati come spunti di riflessione. L&#8217;editore invita gli utenti a utilizzare queste informazioni con spirito critico e discernimento.  <\/p>\n\n\n\n<h2 class=\"wp-block-heading\">Collegamenti ipertestuali a siti di terzi<\/h2>\n\n\n\n<p>Il Sito fornisce collegamenti ipertestuali a siti web pubblicati da terzi. L&#8217;inclusione di tali link non implica l&#8217;approvazione da parte dell&#8217;Editore del contenuto di tali siti. L&#8217;Editore non pu\u00f2 monitorare costantemente il contenuto di tali siti e pertanto non pu\u00f2 garantire: l&#8217;accuratezza, l&#8217;affidabilit\u00e0, la pertinenza, l&#8217;aggiornamento o l&#8217;esaustivit\u00e0 del loro contenuto; il loro accesso e il loro corretto funzionamento tecnico. Di conseguenza, l&#8217;Editore non pu\u00f2 essere ritenuto responsabile in caso di controversie tra un sito a cui si fa riferimento nel Sito e un Utente. Solo gli editori dei siti citati nel Sito possono essere ritenuti responsabili.    <\/p>\n\n\n\n<h2 class=\"wp-block-heading\">Protezione della privacy e dei dati personali<\/h2>\n\n\n\n<p>Il Sito raccoglie le informazioni personali fornite dagli Utenti quando visitano il Sito. Tali informazioni vengono utilizzate per: L&#8217;elaborazione di statistiche generali sul traffico del Sito; L&#8217;invio agli indirizzi e-mail forniti dagli Utenti di risposte, informazioni varie o annunci dell&#8217;Editore. La raccolta e l&#8217;elaborazione di informazioni personali su Internet devono rispettare i diritti fondamentali degli individui. Di conseguenza, l&#8217;Editore si impegna a seguire una politica di trattamento dei dati conforme alla legge francese n. 2004-575 del 21 giugno 2004 sulla fiducia nell&#8217;economia digitale. Tutti gli utenti del Sito web hanno il diritto di accedere, modificare, rettificare o cancellare i propri dati personali. Possono esercitare tali diritti contattando l&#8217;Editore utilizzando i dettagli di contatto indicati all&#8217;inizio della pagina. Per facilitare l&#8217;esercizio di tali diritti, gli utenti del Sito possono annullare l&#8217;iscrizione facendo clic sui link ipertestuali di annullamento dell&#8217;iscrizione presenti nelle e-mail inviate. I computer che si collegano ai server del Sito ricevono sul proprio disco rigido uno o pi\u00f9 file di testo molto leggeri, comunemente noti come &#8220;cookie&#8221;. I cookie registrano le informazioni relative alla navigazione sul Sito da parte del computer in cui il cookie \u00e8 memorizzato (pagine visualizzate, data e ora della visualizzazione, ecc.) Essi consentono di identificare le visite successive effettuate dallo stesso computer. Le persone collegate al Sito sono libere di opporsi alla registrazione dei cookie. A tal fine, possono utilizzare le funzioni corrispondenti del loro browser. Tuttavia, l&#8217;Editore richiama l&#8217;attenzione degli Utenti sul fatto che, in tal caso, l&#8217;accesso ad alcuni servizi del Sito potrebbe essere alterato o addirittura impossibile.            <\/p>\n\n\n\n<h2 class=\"wp-block-heading\">Sicurezza commerciale<\/h2>\n\n\n\n<p>L&#8217;Editore si impegna ad adottare tutte le misure legali e tecniche per garantire la sicurezza degli scambi. A questo proposito, l&#8217;Editore si impegna a fare del suo meglio per evitare l&#8217;appropriazione indebita dei dati e a rispettare le normative vigenti. Tuttavia, gli Utenti del Sito sono consapevoli delle caratteristiche tecniche della rete Internet e dei rischi associati. Di conseguenza, l&#8217;Editore non pu\u00f2 garantire ai propri Utenti che i dati scambiati tramite i servizi offerti dal Sito non vengano raccolti in modo fraudolento da terzi.   <\/p>\n\n\n\n<h2 class=\"wp-block-heading\">Diritti di propriet\u00e0 intellettuale<\/h2>\n\n\n\n<p>L&#8217;Editore detiene diritti su alcuni dati protetti dal Codice della Propriet\u00e0 Intellettuale francese. Ci\u00f2 vale in particolare per il suo marchio, la sua carta grafica e il suo database. Di conseguenza, \u00e8 vietato qualsiasi utilizzo offline o online, gratuito o a pagamento, di tutti o parte di questi dati senza il consenso esplicito dell&#8217;Editore.  <\/p>\n\n\n\n<h2 class=\"wp-block-heading\">Disponibilit\u00e0 del servizio<\/h2>\n\n\n\n<p>L&#8217;Editore ha un obbligo di mezzi in termini di accessibilit\u00e0 del servizio e mette in atto le strutture necessarie per rendere il Sito accessibile 7 giorni su 7 e 24 ore al giorno. Tuttavia, l&#8217;Editore pu\u00f2 sospendere l&#8217;accesso senza preavviso, in particolare per motivi di manutenzione e aggiornamento. L&#8217;Editore non \u00e8 in alcun modo responsabile di eventuali pregiudizi che potrebbero derivare all&#8217;Utente o a terzi. L&#8217;Editore pu\u00f2 in qualsiasi momento eliminare tutti o parte dei suoi Servizi o modificarne il contenuto, in particolare per motivi tecnici, senza preavviso. L&#8217;Editore si riserva il diritto di rifiutare, unilateralmente e senza preavviso, a qualsiasi Utente l&#8217;accesso a tutto o parte del Sito. Tale decisione pu\u00f2 essere presa in particolare in caso di mancato rispetto dei termini del presente testo da parte di un Utente.     <\/p>\n\n\n\n<h2 class=\"wp-block-heading\">Mediazione in caso di controversie<\/h2>\n\n\n\n<p>Se il cliente non riceve una risposta soddisfacente dal servizio post-vendita o se non riceve alcuna risposta entro 60 giorni, pu\u00f2 rivolgersi gratuitamente all&#8217;Ombudsman del Turismo e dei Viaggi, i cui recapiti e le cui procedure sono disponibili sul sito web: www.mtv.travel.<\/p>\n\n\n\n<h2 class=\"wp-block-heading\">Indirizzo della Mediation de la consommation<\/h2>\n\n\n\n<p>Mediazione Turismo Viaggi<\/p>\n\n\n\n<p>BP 80303<\/p>\n\n\n\n<p>75823 Parigi Cedex 17<\/p>\n\n\n\n<h2 class=\"wp-block-heading\">Chiamate a freddo<\/h2>\n\n\n\n<p>Puoi iscriverti alla lista di opposizione al marketing telefonico di Bloctel all&#8217;indirizzo https:\/\/conso.bloctel.fr.<\/p>\n\n\n\n<h2 class=\"wp-block-heading\">Legge applicabile<\/h2>\n\n\n\n<p>Questo testo \u00e8 soggetto alla legge francese. L&#8217;editore si riserva il diritto di modificare i termini, le condizioni e le esclusioni di responsabilit\u00e0 in qualsiasi momento. <\/p>\n<\/div>\n","protected":false},"excerpt":{"rendered":"<p>Informazioni legali RESPONSABILE DEL SITO Camping Lou Cabasson2168 Rte de Cabasson, 83230, Bormes-les-MimosasTel. +33494152072Email: contact@campingloucabasson.comSIRET : 401 196 126 00015Capitale sociale di 10.000 \u20acPartita IVA: FR71401196126Responsabile della pubblicazione : PRODUZIONE GEEK TONICRappresentato da Yohann Darmayan in qualit\u00e0 di ManagerSede legale: 16 chemin de Sabalce 64100 BayonneTel: 05 32 74 11 52E-mail: support@geek-tonic.comSito web: www.geek-tonic.comSIRET: 89746755100031APE: [&hellip;]<\/p>\n","protected":false},"author":1,"featured_media":987,"parent":0,"menu_order":0,"comment_status":"closed","ping_status":"closed","template":"","meta":{"_seopress_robots_primary_cat":"","_seopress_titles_title":"Informazioni legali","_seopress_titles_desc":"","_seopress_robots_index":"S\u00ec","_gt_ctv_global_id":"","_gt_ctv_id_group":false,"inline_featured_image":false,"gt_fse_maillage_image":"https:\/\/loucabasson.geek-tonic.dev\/wp-content\/uploads\/2026\/03\/ile-de-porquerolles-var-france.jpeg","gt_fse_maillage_titre":"Informazioni legali","gt_fse_maillage_alt":"Bozza automatica","gt_fse_maillage_resume":"","footnotes":""},"categories":[],"tags":[],"class_list":["post-1432","page","type-page","status-publish","has-post-thumbnail","hentry"],"_links":{"self":[{"href":"https:\/\/loucabasson.geek-tonic.dev\/it\/wp-json\/wp\/v2\/pages\/1432","targetHints":{"allow":["GET"]}}],"collection":[{"href":"https:\/\/loucabasson.geek-tonic.dev\/it\/wp-json\/wp\/v2\/pages"}],"about":[{"href":"https:\/\/loucabasson.geek-tonic.dev\/it\/wp-json\/wp\/v2\/types\/page"}],"author":[{"embeddable":true,"href":"https:\/\/loucabasson.geek-tonic.dev\/it\/wp-json\/wp\/v2\/users\/1"}],"replies":[{"embeddable":true,"href":"https:\/\/loucabasson.geek-tonic.dev\/it\/wp-json\/wp\/v2\/comments?post=1432"}],"version-history":[{"count":5,"href":"https:\/\/loucabasson.geek-tonic.dev\/it\/wp-json\/wp\/v2\/pages\/1432\/revisions"}],"predecessor-version":[{"id":1577,"href":"https:\/\/loucabasson.geek-tonic.dev\/it\/wp-json\/wp\/v2\/pages\/1432\/revisions\/1577"}],"wp:featuredmedia":[{"embeddable":true,"href":"https:\/\/loucabasson.geek-tonic.dev\/it\/wp-json\/wp\/v2\/media\/987"}],"wp:attachment":[{"href":"https:\/\/loucabasson.geek-tonic.dev\/it\/wp-json\/wp\/v2\/media?parent=1432"}],"wp:term":[{"taxonomy":"category","embeddable":true,"href":"https:\/\/loucabasson.geek-tonic.dev\/it\/wp-json\/wp\/v2\/categories?post=1432"},{"taxonomy":"post_tag","embeddable":true,"href":"https:\/\/loucabasson.geek-tonic.dev\/it\/wp-json\/wp\/v2\/tags?post=1432"}],"curies":[{"name":"wp","href":"https:\/\/api.w.org\/{rel}","templated":true}]}}