{"id":1393,"date":"2026-02-17T14:54:07","date_gmt":"2026-02-17T13:54:07","guid":{"rendered":"https:\/\/loucabasson.geek-tonic.dev\/contact-acces-bormes-les-mimosas\/"},"modified":"2026-04-14T15:03:38","modified_gmt":"2026-04-14T13:03:38","slug":"raggiungerci-bormes-les-mimosas","status":"publish","type":"page","link":"https:\/\/loucabasson.geek-tonic.dev\/it\/raggiungerci-bormes-les-mimosas\/","title":{"rendered":"Contatto"},"content":{"rendered":"\n<section class=\"wp-block-group section-5 has-custom-color-1-background-color has-background has-global-padding is-layout-constrained wp-container-core-group-is-layout-bdf6a742 wp-block-group-is-layout-constrained\" style=\"margin-top:0px;margin-bottom:0px;padding-top:8rem;padding-right:5rem;padding-bottom:8rem;padding-left:5rem\">\n<div class=\"wp-block-columns are-vertically-aligned-bottom is-layout-flex wp-container-core-columns-is-layout-6b276c36 wp-block-columns-is-layout-flex\">\n<div class=\"wp-block-column is-vertically-aligned-bottom title is-layout-flow wp-block-column-is-layout-flow\" style=\"padding-top:0px;padding-right:0px;padding-bottom:0px;padding-left:0px\">\n<div class=\"wp-block-group has-global-padding is-layout-constrained wp-container-core-group-is-layout-352d76a5 wp-block-group-is-layout-constrained\" style=\"border-top-color:var(--wp--preset--color--base-2);border-top-width:1px;margin-top:0px;margin-bottom:0px;padding-top:2rem\">\n<p class=\"has-base-2-color has-text-color has-link-color has-gc-milan-headline-font-family wp-elements-197731b7ee17afe13209a72d863ee9f8\" style=\"font-size:clamp(3.053rem, 3.053rem + ((1vw - 0.2rem) * 4.978), 6.04rem);font-style:normal;font-weight:500;line-height:1\">contatti e informazioni<\/p>\n<\/div>\n<\/div>\n\n\n\n<div class=\"wp-block-column is-vertically-aligned-bottom is-layout-flow wp-block-column-is-layout-flow\">\n<figure class=\"wp-block-image size-full has-custom-border\"><img loading=\"lazy\" decoding=\"async\" width=\"1920\" height=\"1280\" src=\"https:\/\/loucabasson.geek-tonic.dev\/wp-content\/uploads\/2026\/03\/PISCINE3.jpg\" alt=\"POOL3\" class=\"wp-image-964\" style=\"border-top-left-radius:25px;border-top-right-radius:25px;border-bottom-left-radius:25px;border-bottom-right-radius:25px\" srcset=\"https:\/\/loucabasson.geek-tonic.dev\/wp-content\/uploads\/2026\/03\/PISCINE3.jpg 1920w, https:\/\/loucabasson.geek-tonic.dev\/wp-content\/uploads\/2026\/03\/PISCINE3-300x200.jpg 300w, https:\/\/loucabasson.geek-tonic.dev\/wp-content\/uploads\/2026\/03\/PISCINE3-1024x683.jpg 1024w, https:\/\/loucabasson.geek-tonic.dev\/wp-content\/uploads\/2026\/03\/PISCINE3-768x512.jpg 768w, https:\/\/loucabasson.geek-tonic.dev\/wp-content\/uploads\/2026\/03\/PISCINE3-1536x1024.jpg 1536w\" sizes=\"auto, (max-width: 1920px) 100vw, 1920px\" \/><\/figure>\n<\/div>\n\n\n\n<div class=\"wp-block-column is-vertically-aligned-bottom content is-layout-flow wp-block-column-is-layout-flow\" style=\"border-top-style:none;border-top-width:0px\">\n<div class=\"wp-block-group has-global-padding is-layout-constrained wp-container-core-group-is-layout-352d76a5 wp-block-group-is-layout-constrained\" style=\"border-top-color:var(--wp--preset--color--base-2);border-top-width:1px;margin-top:0px;margin-bottom:0px;padding-top:2rem\">\n<h1 class=\"wp-block-heading has-base-2-color has-text-color has-link-color wp-elements-6f24329b48115c24d5566b1353720d74\">Contatti e accesso al campeggio<\/h1>\n\n\n    <div id=\"gt-fse-lire-plus-69e3d0bf2d19b\" class=\"gt-fse-lire-plus\" style=\"--min-height: 130px; background-color: #003d58;\">\n        <input id=\"gt-fse-lire-plus-69e3d0bf2d19b-toggle\" type=\"checkbox\" class=\"gt-fse-lire-plus__toggle\" \/>\n        <label for=\"gt-fse-lire-plus-69e3d0bf2d19b-toggle\" class=\"gt-fse-lire-plus__toggle-label\">\n            <span>Leggi di pi\u00f9<\/span>\n            <span>Leggi meno<\/span>\n        <\/label>\n        <div class=\"gt-fse-lire-plus__content\">\n            \n\n<p class=\"has-base-2-color has-text-color has-link-color wp-elements-02c1c97deb44d88f2be3e473c3f2e900\">Vuoi organizzare la tua prossima vacanza al Camping Lou Cabasson, <a href=\"https:\/\/loucabasson.geek-tonic.dev\/it\/\" data-type=\"page\" data-id=\"5\">il tuo campeggio a Bormes-les-Mimosas<\/a>? Il nostro team \u00e8 a disposizione per rispondere a tutte le tue domande e aiutarti a preparare il tuo soggiorno. Di seguito troverai i nostri <strong>recapiti<\/strong> e tutte le<strong> informazioni pratiche<\/strong> di cui hai bisogno per contattarci ed entrare a far parte del nostro campeggio 3 stelle nel Var.  <\/p>\n\n            <div class=\"gt-fse-lire-plus__gradient\" style=\"background: linear-gradient(to bottom,rgba(0,61,88,0) 0%,rgba(0,61,88,1) 100%);\"><\/div>\n        <\/div>\n    <\/div>\n    <\/div>\n<\/div>\n<\/div>\n<\/section>\n\n<section class=\"wp-block-group section-6 has-base-2-background-color has-background has-global-padding is-layout-constrained wp-container-core-group-is-layout-cb1b645e wp-block-group-is-layout-constrained\" style=\"margin-top:0px;margin-bottom:0px;padding-top:6.5rem;padding-right:5rem;padding-bottom:6.5rem;padding-left:5rem\">\n<div class=\"wp-block-columns are-vertically-aligned-center is-layout-flex wp-container-core-columns-is-layout-1b715042 wp-block-columns-is-layout-flex\">\n<div class=\"wp-block-column is-vertically-aligned-center is-layout-flow wp-block-column-is-layout-flow\" style=\"flex-basis:33.33%\">\n<h2 class=\"wp-block-heading has-custom-color-2-color has-text-color has-link-color wp-elements-77c02204934d650d085c4a7cf8126779\">Contattaci<\/h2>\n\n\n\n<p>Per saperne di pi\u00f9 sul nostro campeggio per famiglie a 3 stelle<strong> <\/strong>a Bormes les Mimosas, sulle attivit\u00e0 offerte nei dintorni o sui nostri servizi, <strong>contattaci<\/strong> via e-mail, telefono o tramite il modulo di contatto.  <\/p>\n\n\n\n<p><strong>Per telefono:<\/strong> <strong>04 94 15 20 72<\/strong> Il nostro team multilingue (francese, inglese, italiano) ti accoglie alla reception dalle <strong>9:00 alle 12:00<\/strong> e dalle <strong>14:00 alle 19:00 in bassa stagione &#8211; Dalle 9:00 alle 13:00 e dalle 14:00 alle 20:00 in alta stagione<\/strong>.<\/p>\n\n\n\n<p><strong>Per e-mail:<\/strong> <strong>contact@campingloucabasson.com<\/strong><\/p>\n\n\n\n<p><strong>Tramite il modulo di contatto:<\/strong> puoi anche utilizzare il modulo di contatto presente in questa pagina per inviarci direttamente la tua richiesta. Ti promettiamo di risponderti al pi\u00f9 presto. <\/p>\n\n\n\n<p>Tutto il nostro team sar\u00e0 lieto di soddisfare al meglio le tue aspettative, proponendoti vacanze adatte ai tuoi desideri e alle tue esigenze.<\/p>\n<\/div>\n\n\n\n<div class=\"wp-block-column is-vertically-aligned-center images is-layout-flow wp-block-column-is-layout-flow\" style=\"flex-basis:66.66%\">\n<figure class=\"wp-block-image size-full has-custom-border\"><img loading=\"lazy\" decoding=\"async\" width=\"2000\" height=\"1644\" src=\"https:\/\/loucabasson.geek-tonic.dev\/wp-content\/uploads\/2026\/04\/reception-camping-vacances.jpeg\" alt=\"vacanze in campeggio di accoglienza\" class=\"wp-image-1022\" style=\"border-top-left-radius:25px;border-top-right-radius:25px;border-bottom-left-radius:25px;border-bottom-right-radius:25px;box-shadow:var(--wp--preset--shadow--natural)\" srcset=\"https:\/\/loucabasson.geek-tonic.dev\/wp-content\/uploads\/2026\/04\/reception-camping-vacances.jpeg 2000w, https:\/\/loucabasson.geek-tonic.dev\/wp-content\/uploads\/2026\/04\/reception-camping-vacances-300x247.jpeg 300w, https:\/\/loucabasson.geek-tonic.dev\/wp-content\/uploads\/2026\/04\/reception-camping-vacances-1024x842.jpeg 1024w, https:\/\/loucabasson.geek-tonic.dev\/wp-content\/uploads\/2026\/04\/reception-camping-vacances-768x631.jpeg 768w, https:\/\/loucabasson.geek-tonic.dev\/wp-content\/uploads\/2026\/04\/reception-camping-vacances-1536x1263.jpeg 1536w\" sizes=\"auto, (max-width: 2000px) 100vw, 2000px\" \/><\/figure>\n<\/div>\n<\/div>\n<\/section>\n\n<section class=\"wp-block-group section-6 has-base-2-background-color has-background has-global-padding is-layout-constrained wp-container-core-group-is-layout-cb1b645e wp-block-group-is-layout-constrained\" style=\"margin-top:0px;margin-bottom:0px;padding-top:6.5rem;padding-right:5rem;padding-bottom:6.5rem;padding-left:5rem\">\n<div class=\"wp-block-columns are-vertically-aligned-center is-layout-flex wp-container-core-columns-is-layout-1b715042 wp-block-columns-is-layout-flex\">\n<div class=\"wp-block-column is-vertically-aligned-center images is-layout-flow wp-block-column-is-layout-flow\" style=\"flex-basis:66.66%\">\n<figure class=\"wp-block-image size-full has-custom-border\"><img loading=\"lazy\" decoding=\"async\" width=\"2000\" height=\"1333\" src=\"https:\/\/loucabasson.geek-tonic.dev\/wp-content\/uploads\/2026\/03\/Bormes-les-Mimosas-var.jpeg\" alt=\"Bormes les Mimosas var\" class=\"wp-image-912\" style=\"border-top-left-radius:25px;border-top-right-radius:25px;border-bottom-left-radius:25px;border-bottom-right-radius:25px;box-shadow:var(--wp--preset--shadow--natural)\" srcset=\"https:\/\/loucabasson.geek-tonic.dev\/wp-content\/uploads\/2026\/03\/Bormes-les-Mimosas-var.jpeg 2000w, https:\/\/loucabasson.geek-tonic.dev\/wp-content\/uploads\/2026\/03\/Bormes-les-Mimosas-var-300x200.jpeg 300w, https:\/\/loucabasson.geek-tonic.dev\/wp-content\/uploads\/2026\/03\/Bormes-les-Mimosas-var-1024x682.jpeg 1024w, https:\/\/loucabasson.geek-tonic.dev\/wp-content\/uploads\/2026\/03\/Bormes-les-Mimosas-var-768x512.jpeg 768w, https:\/\/loucabasson.geek-tonic.dev\/wp-content\/uploads\/2026\/03\/Bormes-les-Mimosas-var-1536x1024.jpeg 1536w\" sizes=\"auto, (max-width: 2000px) 100vw, 2000px\" \/><\/figure>\n<\/div>\n\n\n\n<div class=\"wp-block-column is-vertically-aligned-center is-layout-flow wp-block-column-is-layout-flow\" style=\"flex-basis:33.33%\">\n<h2 class=\"wp-block-heading has-custom-color-2-color has-text-color has-link-color wp-elements-9312720751ad59f41308654c7e8e7d63\">Accesso al campeggio di Bormes-les-Mimosas<\/h2>\n\n\n\n<p><strong>Indirizzo:<\/strong> <\/p>\n\n\n\n<p>Camping Lou Cabasson,<br\/>2168 Route de Cabasson,<br\/>83230 Bormes-les-Mimosas<\/p>\n\n\n\n<p><strong>Coordinate GPS:<\/strong><br\/>Latitudine: <strong>43.12432<\/strong> | Longitudine: <strong>6.33322<\/strong><\/p>\n\n\n\n<p><strong>In auto:<\/strong> dall&#8217;autostrada A57, prendi l&#8217;uscita <strong>Hy\u00e8res<\/strong> (a 20 km di distanza), poi segui le indicazioni per Le Lavandou \/ Bormes-les-Mimosas (RD559). Una volta arrivati nella zona di Bormes-les-mimosas, segui le indicazioni per Route de cabasson \/ Fort de Br\u00e9gan\u00e7on. Il campeggio si trova a 3 km dal centro della citt\u00e0.  <\/p>\n\n\n\n<p><strong>In treno:<\/strong> la stazione TGV pi\u00f9 vicina \u00e8 quella di <strong>Tolone<\/strong> (a 40 km) o di <strong>Hy\u00e8res<\/strong> (a 20 km). Da queste stazioni puoi noleggiare un&#8217;auto, prendere i servizi di autobus regionali o prendere un taxi. <\/p>\n\n\n\n<p><strong>In aereo :<\/strong><\/p>\n\n\n\n<ul class=\"wp-block-list\">\n<li><strong>Aeroporto di Toulon-Hy\u00e8res<\/strong>: 25 km di distanza (circa 25 minuti in auto)<\/li>\n\n\n\n<li><strong>Aeroporto di Marsiglia-Provenza<\/strong>: 130 km di distanza (circa 1 ora e 30)<\/li>\n\n\n\n<li><strong>Aeroporto di Nizza Costa Azzurra<\/strong>: 150 km di distanza (circa 1 ora e 45 minuti)<\/li>\n<\/ul>\n\n\n\n<p>I servizi di noleggio auto sono disponibili in ogni aeroporto. Puoi anche prendere l&#8217;autobus regionale o il taxi per Bormes-les-Mimosas. <\/p>\n\n\n\n<p><strong>Parcheggio:<\/strong> Nel campeggio \u00e8 disponibile un parcheggio gratuito per il tuo veicolo durante il soggiorno.<\/p>\n\n\n\n<p>Ci vediamo presto al Camping Lou Cabasson!<\/p>\n<\/div>\n<\/div>\n<\/section>\n","protected":false},"excerpt":{"rendered":"<p>contatti e informazioni Contatti e accesso al campeggio Contattaci Per saperne di pi\u00f9 sul nostro campeggio per famiglie a 3 stelle a Bormes les Mimosas, sulle attivit\u00e0 offerte nei dintorni o sui nostri servizi, contattaci via e-mail, telefono o tramite il modulo di contatto. Per telefono: 04 94 15 20 72 Il nostro team multilingue [&hellip;]<\/p>\n","protected":false},"author":1,"featured_media":1059,"parent":0,"menu_order":0,"comment_status":"closed","ping_status":"closed","template":"","meta":{"_seopress_robots_primary_cat":"","_seopress_titles_title":"Contatto, accesso al campeggio Lou Cabasson Bormes-les-Mimosas (83)","_seopress_titles_desc":"","_seopress_robots_index":"","_gt_ctv_global_id":"","_gt_ctv_id_group":false,"inline_featured_image":false,"gt_fse_maillage_image":"https:\/\/loucabasson.geek-tonic.dev\/wp-content\/uploads\/2026\/04\/CAB-SUP-1.jpg","gt_fse_maillage_titre":"Contatto","gt_fse_maillage_alt":"Contatto","gt_fse_maillage_resume":"Contatto","footnotes":""},"categories":[],"tags":[],"class_list":["post-1393","page","type-page","status-publish","has-post-thumbnail","hentry"],"_links":{"self":[{"href":"https:\/\/loucabasson.geek-tonic.dev\/it\/wp-json\/wp\/v2\/pages\/1393","targetHints":{"allow":["GET"]}}],"collection":[{"href":"https:\/\/loucabasson.geek-tonic.dev\/it\/wp-json\/wp\/v2\/pages"}],"about":[{"href":"https:\/\/loucabasson.geek-tonic.dev\/it\/wp-json\/wp\/v2\/types\/page"}],"author":[{"embeddable":true,"href":"https:\/\/loucabasson.geek-tonic.dev\/it\/wp-json\/wp\/v2\/users\/1"}],"replies":[{"embeddable":true,"href":"https:\/\/loucabasson.geek-tonic.dev\/it\/wp-json\/wp\/v2\/comments?post=1393"}],"version-history":[{"count":7,"href":"https:\/\/loucabasson.geek-tonic.dev\/it\/wp-json\/wp\/v2\/pages\/1393\/revisions"}],"predecessor-version":[{"id":1543,"href":"https:\/\/loucabasson.geek-tonic.dev\/it\/wp-json\/wp\/v2\/pages\/1393\/revisions\/1543"}],"wp:featuredmedia":[{"embeddable":true,"href":"https:\/\/loucabasson.geek-tonic.dev\/it\/wp-json\/wp\/v2\/media\/1059"}],"wp:attachment":[{"href":"https:\/\/loucabasson.geek-tonic.dev\/it\/wp-json\/wp\/v2\/media?parent=1393"}],"wp:term":[{"taxonomy":"category","embeddable":true,"href":"https:\/\/loucabasson.geek-tonic.dev\/it\/wp-json\/wp\/v2\/categories?post=1393"},{"taxonomy":"post_tag","embeddable":true,"href":"https:\/\/loucabasson.geek-tonic.dev\/it\/wp-json\/wp\/v2\/tags?post=1393"}],"curies":[{"name":"wp","href":"https:\/\/api.w.org\/{rel}","templated":true}]}}