{"id":1383,"date":"2026-03-19T15:39:55","date_gmt":"2026-03-19T14:39:55","guid":{"rendered":"https:\/\/loucabasson.geek-tonic.dev\/politique-de-confidentialite\/"},"modified":"2026-04-14T15:20:02","modified_gmt":"2026-04-14T13:20:02","slug":"informativa-sulla-privacy","status":"publish","type":"page","link":"https:\/\/loucabasson.geek-tonic.dev\/it\/informativa-sulla-privacy\/","title":{"rendered":"Informativa sulla privacy"},"content":{"rendered":"\n<div class=\"wp-block-group title-breadcrumb has-border-color has-global-padding is-layout-constrained wp-container-core-group-is-layout-9357567d wp-block-group-is-layout-constrained\" style=\"border-color:#ffffff00;border-width:4rem;padding-top:8rem;padding-right:8rem;padding-bottom:8rem;padding-left:8rem\">\n<h1 class=\"wp-block-heading has-text-align-center has-custom-color-1-color has-text-color has-link-color has-gc-milan-headline-font-family wp-elements-a2db7a3f586989874544c7328b94f95f\" style=\"font-size:clamp(1.743rem, 1.743rem + ((1vw - 0.2rem) * 2.095), 3rem);line-height:1\"><strong>INFORMATIVA SULLA PRIVACY<\/strong><\/h1>\n\n\n\n<hr class=\"wp-block-separator has-alpha-channel-opacity\" style=\"margin-top:var(--wp--preset--spacing--40);margin-bottom:var(--wp--preset--spacing--40)\"\/>\n\n\n\n<h2 class=\"wp-block-heading has-text-align-left has-custom-color-1-color has-text-color has-link-color has-retcaro-font-family wp-elements-0d2ac64fbff62b85875208ca6668bb8f\" style=\"font-size:clamp(1.25rem, 1.25rem + ((1vw - 0.2rem) * 1.25), 2rem);line-height:1\">Indice dei contenuti<\/h2>\n\n\n\n<ul style=\"margin-right:var(--wp--preset--spacing--30);margin-left:var(--wp--preset--spacing--30)\" class=\"wp-block-list ls-list ls-list-undefined\">\n<li><a href=\"#gdpr-1\" data-type=\"page\" data-id=\"3\">Chi siamo?<\/a><\/li>\n\n\n\n<li><a href=\"#gdpr-2\">Utilizzo dei dati personali raccolti<\/a><\/li>\n\n\n\n<li><a href=\"#gdpr-3\">Commenti<\/a><\/li>\n\n\n\n<li><a href=\"#gdpr-4\">Media<\/a><\/li>\n\n\n\n<li><a href=\"#gdpr-5\">Moduli di contatto<\/a><\/li>\n\n\n\n<li><a href=\"#gdpr-6\">Utilizzo dei cookie<\/a><\/li>\n\n\n\n<li><a href=\"#gdpr-7\">Statistiche e misurazione del pubblico<\/a><\/li>\n\n\n\n<li><a href=\"#gdpr-8\">Periodi di conservazione dei tuoi dati<\/a><\/li>\n\n\n\n<li><a href=\"#gdpr-9\">I diritti che hai sui tuoi dati<\/a><\/li>\n\n\n\n<li><a href=\"#gdpr-10\">Trasmissione dei tuoi dati personali<\/a><\/li>\n\n\n\n<li><a href=\"#gdpr-11\">Come proteggiamo i tuoi dati<\/a><\/li>\n\n\n\n<li><a href=\"#gdpr-12\">Informazioni di contatto<\/a><\/li>\n<\/ul>\n\n\n\n<h2 class=\"wp-block-heading has-custom-color-1-color has-text-color has-link-color has-retcaro-font-family wp-elements-f37d04d0d55a97d020cd69251ea84903\" id=\"gdpr-1\" style=\"font-size:clamp(1.25rem, 1.25rem + ((1vw - 0.2rem) * 1.25), 2rem);line-height:1\">Chi siamo?<\/h2>\n\n\n\n<p class=\"ls-paragraph\">Scopri tutto su di noi nella pagina delle <a href=\"https:\/\/loucabasson.geek-tonic.dev\/it\/informazioni-legali\/\" data-type=\"page\" data-id=\"76\">informazioni legali<\/a>.<\/p>\n\n\n\n<h2 class=\"wp-block-heading has-custom-color-1-color has-text-color has-link-color has-retcaro-font-family wp-elements-9037e187e85df7e2bbc68bb8d9b1df74\" id=\"gdpr-2\" style=\"font-size:clamp(1.25rem, 1.25rem + ((1vw - 0.2rem) * 1.25), 2rem);line-height:1\">Utilizzo dei dati personali raccolti<\/h2>\n\n\n\n<p class=\"ls-paragraph\">Non raccogliamo automaticamente e direttamente alcun dato su di te.<\/p>\n\n\n\n<p class=\"ls-paragraph\">Ciononostante, possiamo raccogliere informazioni, anche personali, da terze parti (vedi la sezione <a href=\"#gdpr-5\">Cookie<\/a>).<\/p>\n\n\n\n<h2 class=\"wp-block-heading has-custom-color-1-color has-text-color has-link-color has-retcaro-font-family wp-elements-8eb89df18c284f3c5f984a798305b4fe\" id=\"gdpr-3\" style=\"font-size:clamp(1.25rem, 1.25rem + ((1vw - 0.2rem) * 1.25), 2rem);line-height:1\">Commenti<\/h2>\n\n\n\n<p class=\"ls-paragraph\">Quando lasci un commento sul nostro sito web, i dati inseriti nel modulo di commento, il tuo indirizzo IP e l&#8217;user agent del tuo browser vengono raccolti per aiutarci a individuare i commenti indesiderati.<\/p>\n\n\n\n<p class=\"ls-paragraph\">Una stringa anonima creata a partire dal tuo indirizzo e-mail (nota anche come hash) pu\u00f2 essere inviata al servizio Gravatar per verificare se lo stai utilizzando. Le clausole di riservatezza del servizio Gravatar sono disponibili su https:\/\/automattic.com\/privacy\/. Una volta che il tuo commento \u00e8 stato convalidato, la foto del tuo profilo sar\u00e0 visibile pubblicamente insieme al tuo commento. <\/p>\n\n\n\n<h2 class=\"wp-block-heading has-custom-color-1-color has-text-color has-link-color has-retcaro-font-family wp-elements-d696c0212575441337ec616f3186bfa5\" id=\"gdpr-4\" style=\"font-size:clamp(1.25rem, 1.25rem + ((1vw - 0.2rem) * 1.25), 2rem);line-height:1\">Media<\/h2>\n\n\n\n<p class=\"ls-paragraph\">Se sei un utente registrato e carichi immagini sul sito, ti consigliamo di evitare di caricare immagini contenenti dati EXIF di coordinate GPS. I visitatori del tuo sito web possono scaricare ed estrarre i dati di localizzazione da queste immagini. <\/p>\n\n\n\n<h2 class=\"wp-block-heading has-custom-color-1-color has-text-color has-link-color has-retcaro-font-family wp-elements-e2e00eaff22effa16f4c69846f549d90\" id=\"gdpr-5\" style=\"font-size:clamp(1.25rem, 1.25rem + ((1vw - 0.2rem) * 1.25), 2rem);line-height:1\">Moduli di contatto<\/h2>\n\n\n\n<p class=\"ls-paragraph\">Puoi scegliere di fornirci informazioni quando compili un modulo. Queste informazioni ci saranno inviate via e-mail e non saranno memorizzate se non nel nostro servizio di posta elettronica; saranno utilizzate al solo scopo di rispondere alla tua richiesta. Se \u00e8 probabile che le informazioni vengano utilizzate per scopi commerciali, ci\u00f2 verr\u00e0 indicato alla fine del modulo. Quando raccogliamo informazioni tramite un modulo, chiediamo sempre il tuo consenso.  <\/p>\n\n\n\n<h2 class=\"wp-block-heading has-custom-color-1-color has-text-color has-link-color has-retcaro-font-family wp-elements-6e411dbe0890c4eff5da525627e2f57d\" id=\"gdpr-6\" style=\"font-size:clamp(1.25rem, 1.25rem + ((1vw - 0.2rem) * 1.25), 2rem);line-height:1\">Utilizzo dei cookie<\/h2>\n\n\n\n<p class=\"ls-paragraph\"><strong>Che cos&#8217;\u00e8 un biscotto?<\/strong><br\/>Un cookie \u00e8 un piccolo file di dati che viene trasferito e memorizzato sul tuo dispositivo. In pratica, un cookie ci permette, ad esempio, di riconoscere il tuo browser, la tua lingua o di memorizzare le tue preferenze.<br\/>Sul nostro sito vengono utilizzati due tipi di cookie: i &#8220;cookie di sessione&#8221; e i &#8220;cookie persistenti&#8221;. I cookie di sessione scadono quando chiudi il browser, mentre i cookie persistenti rimangono sul tuo dispositivo anche dopo la chiusura del browser e possono essere utilizzati alla successiva visita del nostro sito.  <\/p>\n\n\n\n<p class=\"ls-paragraph\">Scopri di pi\u00f9 su <a href=\"https:\/\/allaboutcookies.org\/fr\" target=\"_blank\" rel=\"noreferrer noopener\">allaboutcookies.org<\/a>.<\/p>\n\n\n\n<p class=\"ls-paragraph\"><strong>I nostri cookie<\/strong><\/p>\n\n\n\n<p class=\"ls-paragraph\">Se lasci un commento sul nostro sito, ti verr\u00e0 chiesto di salvare il tuo nome, l&#8217;indirizzo e-mail e il sito web nei cookie. Questo \u00e8 solo per tua comodit\u00e0, in modo che tu non debba inserire queste informazioni se lasci un altro commento in un secondo momento. Questi cookie scadono dopo un anno.  <\/p>\n\n\n\n<p class=\"ls-paragraph\">Se hai un account e accedi a questo sito, verr\u00e0 creato un cookie temporaneo per determinare se il tuo browser accetta i cookie. Non contiene dati personali e verr\u00e0 eliminato automaticamente alla chiusura del browser. <\/p>\n\n\n\n<p class=\"ls-paragraph\">Quando accedi al sito, vengono impostati alcuni cookie per registrare le tue informazioni di accesso e le preferenze dello schermo. La durata di un cookie di connessione \u00e8 di due giorni, quella di un cookie di opzione dello schermo \u00e8 di un anno. Se selezioni &#8220;Ricordami&#8221;, il cookie di connessione sar\u00e0 conservato per due settimane. Se esci dal tuo account, il cookie di accesso verr\u00e0 cancellato.   <\/p>\n\n\n\n<p class=\"ls-paragraph\">Quando modifichi o pubblichi un articolo, nel tuo browser verr\u00e0 memorizzato un ulteriore cookie. Questo cookie non contiene dati personali. Indica semplicemente l&#8217;identificativo dell&#8217;articolo che hai appena modificato. Scade dopo un giorno.   <\/p>\n\n\n\n<p class=\"ls-paragraph\"><strong>Cookie di terze parti<\/strong><\/p>\n\n\n\n<p class=\"ls-paragraph\">Gli articoli di questo sito possono includere contenuti incorporati (ad esempio video, immagini, articoli, ecc.). I contenuti incorporati provenienti da altri siti si comportano come se il visitatore stesse visitando l&#8217;altro sito. <\/p>\n\n\n\n<p class=\"ls-paragraph\">Questi siti web possono raccogliere dati su di te, utilizzare cookie, incorporare strumenti di tracciamento di terze parti e tracciare le tue interazioni con questi contenuti incorporati se hai un account collegato al loro sito web.<\/p>\n\n\n\n<p class=\"ls-paragraph\">Possiamo autorizzare alcuni partner commerciali a installare tecnologie sul nostro sito. Questi partner utilizzano queste tecnologie per aiutarci ad analizzare le modalit\u00e0 di utilizzo del sito, ad esempio annotando i servizi di terze parti attraverso i quali sei arrivato sulla Piattaforma, per commercializzare e promuovere i nostri servizi sul nostro sito e su siti web di terze parti, per aiutarci a individuare e prevenire le frodi o a condurre valutazioni del rischio, o per raccogliere informazioni sulle tue attivit\u00e0 sul sito. <\/p>\n\n\n\n<p class=\"ls-paragraph\">Il nostro sito web pu\u00f2 utilizzare social plugin forniti e gestiti da societ\u00e0 terze, come il pulsante &#8220;Mi piace&#8221; di Facebook. Di conseguenza, puoi inviare a terzi le informazioni che visualizzi in una determinata sezione del nostro sito. Se non hai effettuato l&#8217;accesso al tuo account con la terza parte, quest&#8217;ultima non sapr\u00e0 chi sei. Se hai effettuato l&#8217;accesso al tuo account con la terza parte, quest&#8217;ultima potr\u00e0 collegare le informazioni o le azioni relative alle tue interazioni con il nostro sito al tuo account con la terza parte. Ti invitiamo a consultare l&#8217;informativa sulla privacy della terza parte per saperne di pi\u00f9 sulle sue pratiche in materia di dati.    <\/p>\n\n\n\n<p class=\"ls-paragraph\">L&#8217;elenco dei cookie di terze parti utilizzati su questo sito \u00e8 disponibile nel <a href=\"#moove_gdpr_cookie_modal\">pannello di gestione dei cookie<\/a>.<\/p>\n\n\n\n<h2 class=\"wp-block-heading has-custom-color-1-color has-text-color has-link-color has-retcaro-font-family wp-elements-fbecc824eee7db42c4c33821764efbdc\" id=\"gdpr-7\" style=\"font-size:clamp(1.25rem, 1.25rem + ((1vw - 0.2rem) * 1.25), 2rem);line-height:1\">Statistiche e misurazione del pubblico<\/h2>\n\n\n\n<p class=\"ls-paragraph\">In termini di analisi, utilizziamo Google Analytics per ottenere informazioni sull&#8217;utilizzo del nostro sito web al fine di migliorarlo. Questo servizio pu\u00f2 essere disattivato tramite il <a href=\"#moove_gdpr_cookie_modal\">pannello di gestione dei cookie<\/a>. <\/p>\n\n\n\n<p class=\"ls-paragraph\">Per impedire a Google Analytics di utilizzare le tue informazioni a scopo di analisi, puoi anche installare il componente aggiuntivo del browser per la disattivazione di Google Analytics cliccando <a href=\"https:\/\/tools.google.com\/dlpage\/gaoptout\" rel=\"noreferrer noopener\" target=\"_blank\">qui<\/a>. Ti ricordiamo che non abbiamo alcun controllo su questo link di disattivazione e non siamo responsabili della disponibilit\u00e0 o dell&#8217;accuratezza di questo meccanismo. Per maggiori informazioni, consulta <a href=\"https:\/\/support.google.com\/analytics\/answer\/6004245\" rel=\"noreferrer noopener\" target=\"_blank\">la documentazione<\/a>.  <\/p>\n\n\n\n<h2 class=\"wp-block-heading has-custom-color-1-color has-text-color has-link-color has-retcaro-font-family wp-elements-bc53e713aaf6c0e3955485b08cbe41fe\" id=\"gdpr-8\" style=\"font-size:clamp(1.25rem, 1.25rem + ((1vw - 0.2rem) * 1.25), 2rem);line-height:1\">Periodi di conservazione dei tuoi dati<\/h2>\n\n\n\n<p class=\"ls-paragraph\">Se lasci un commento, il commento e i suoi metadati vengono conservati a tempo indeterminato. In questo modo i commenti successivi vengono riconosciuti e approvati automaticamente, invece di rimanere nella coda di moderazione. <\/p>\n\n\n\n<p class=\"ls-paragraph\">Per gli utenti che si registrano sul nostro sito (ove possibile), memorizziamo anche i dati personali indicati nel loro profilo. Tutti gli utenti possono visualizzare, modificare o cancellare i propri dati personali in qualsiasi momento (ad eccezione del nome utente). Anche i gestori del sito possono visualizzare e modificare tali informazioni.  <\/p>\n\n\n\n<h2 class=\"wp-block-heading has-custom-color-1-color has-text-color has-link-color has-retcaro-font-family wp-elements-6bc9fd65c4926be4ab781761c209079c\" id=\"gdpr-9\" style=\"font-size:clamp(1.25rem, 1.25rem + ((1vw - 0.2rem) * 1.25), 2rem);line-height:1\">I diritti che hai sui tuoi dati<\/h2>\n\n\n\n<p class=\"ls-paragraph\">Se hai un account o se hai lasciato dei commenti sul sito, puoi richiedere di ricevere un file contenente tutti i dati personali in nostro possesso, compresi quelli che ci hai fornito. Puoi anche richiedere la cancellazione dei tuoi dati personali. Questo non include i dati memorizzati per scopi amministrativi, legali o di sicurezza.  <\/p>\n\n\n\n<h2 class=\"wp-block-heading has-custom-color-1-color has-text-color has-link-color has-retcaro-font-family wp-elements-4863d00e871ba5d1b3c72a2b065048a8\" id=\"gdpr-10\" style=\"font-size:clamp(1.25rem, 1.25rem + ((1vw - 0.2rem) * 1.25), 2rem);line-height:1\">Trasmissione dei tuoi dati personali<\/h2>\n\n\n\n<p class=\"ls-paragraph\">I commenti dei visitatori possono essere controllati utilizzando un servizio automatizzato per individuare i commenti indesiderati<br\/>Tutti i dati personali che trattiamo sono elaborati all&#8217;interno dell&#8217;Unione Europea.<\/p>\n\n\n\n<h2 class=\"wp-block-heading has-custom-color-1-color has-text-color has-link-color has-retcaro-font-family wp-elements-b8875835fc0cf3c5e0f91373f5ab7aa6\" id=\"gdpr-11\" style=\"font-size:clamp(1.25rem, 1.25rem + ((1vw - 0.2rem) * 1.25), 2rem);line-height:1\">Come proteggiamo i tuoi dati<\/h2>\n\n\n\n<p class=\"ls-paragraph\">Implementiamo e aggiorniamo costantemente la <strong>sicurezza<\/strong> del sito per proteggere i tuoi dati da accessi non autorizzati, perdita, distruzione o alterazione. Stiamo quindi lavorando per rendere i tuoi dati il pi\u00f9 invulnerabili possibile. Poich\u00e9 Internet non \u00e8 un ambiente sicuro al 100%, non possiamo garantire completamente la sicurezza della trasmissione o dell&#8217;archiviazione delle tue informazioni.  <\/p>\n\n\n\n<h2 class=\"wp-block-heading has-custom-color-1-color has-text-color has-link-color has-retcaro-font-family wp-elements-7473e72b6eff4bde369d73f5f6cef202\" id=\"gdpr-12\" style=\"font-size:clamp(1.25rem, 1.25rem + ((1vw - 0.2rem) * 1.25), 2rem);line-height:1\">Informazioni di contatto<\/h2>\n\n\n\n<p class=\"ls-paragraph\">Per qualsiasi richiesta o domanda sui tuoi dati personali, contattaci all&#8217;indirizzo rgpd@geek-tonic.com. Altri dettagli di contatto sono riportati nella nostra <a href=\"https:\/\/loucabasson.geek-tonic.dev\/it\/informazioni-legali\/\" data-type=\"page\" data-id=\"76\">nota legale<\/a>. Ti ricordiamo che potremmo chiederti di verificare la tua identit\u00e0 prima di intraprendere ulteriori azioni in merito alla tua richiesta. <\/p>\n\n\n\n<p><\/p>\n<\/div>\n","protected":false},"excerpt":{"rendered":"<p>INFORMATIVA SULLA PRIVACY Indice dei contenuti Chi siamo? Scopri tutto su di noi nella pagina delle informazioni legali. Utilizzo dei dati personali raccolti Non raccogliamo automaticamente e direttamente alcun dato su di te. Ciononostante, possiamo raccogliere informazioni, anche personali, da terze parti (vedi la sezione Cookie). Commenti Quando lasci un commento sul nostro sito web, [&hellip;]<\/p>\n","protected":false},"author":1,"featured_media":987,"parent":0,"menu_order":0,"comment_status":"closed","ping_status":"closed","template":"","meta":{"_seopress_robots_primary_cat":"","_seopress_titles_title":"Informativa sulla privacy","_seopress_titles_desc":"","_seopress_robots_index":"S\u00ec","_gt_ctv_global_id":"","_gt_ctv_id_group":false,"inline_featured_image":false,"gt_fse_maillage_image":"https:\/\/loucabasson.geek-tonic.dev\/wp-content\/uploads\/2026\/03\/ile-de-porquerolles-var-france.jpeg","gt_fse_maillage_titre":"Informativa sulla privacy","gt_fse_maillage_alt":"ile de porquerolles var france","gt_fse_maillage_resume":"","footnotes":""},"categories":[],"tags":[],"class_list":["post-1383","page","type-page","status-publish","has-post-thumbnail","hentry"],"_links":{"self":[{"href":"https:\/\/loucabasson.geek-tonic.dev\/it\/wp-json\/wp\/v2\/pages\/1383","targetHints":{"allow":["GET"]}}],"collection":[{"href":"https:\/\/loucabasson.geek-tonic.dev\/it\/wp-json\/wp\/v2\/pages"}],"about":[{"href":"https:\/\/loucabasson.geek-tonic.dev\/it\/wp-json\/wp\/v2\/types\/page"}],"author":[{"embeddable":true,"href":"https:\/\/loucabasson.geek-tonic.dev\/it\/wp-json\/wp\/v2\/users\/1"}],"replies":[{"embeddable":true,"href":"https:\/\/loucabasson.geek-tonic.dev\/it\/wp-json\/wp\/v2\/comments?post=1383"}],"version-history":[{"count":5,"href":"https:\/\/loucabasson.geek-tonic.dev\/it\/wp-json\/wp\/v2\/pages\/1383\/revisions"}],"predecessor-version":[{"id":1609,"href":"https:\/\/loucabasson.geek-tonic.dev\/it\/wp-json\/wp\/v2\/pages\/1383\/revisions\/1609"}],"wp:featuredmedia":[{"embeddable":true,"href":"https:\/\/loucabasson.geek-tonic.dev\/it\/wp-json\/wp\/v2\/media\/987"}],"wp:attachment":[{"href":"https:\/\/loucabasson.geek-tonic.dev\/it\/wp-json\/wp\/v2\/media?parent=1383"}],"wp:term":[{"taxonomy":"category","embeddable":true,"href":"https:\/\/loucabasson.geek-tonic.dev\/it\/wp-json\/wp\/v2\/categories?post=1383"},{"taxonomy":"post_tag","embeddable":true,"href":"https:\/\/loucabasson.geek-tonic.dev\/it\/wp-json\/wp\/v2\/tags?post=1383"}],"curies":[{"name":"wp","href":"https:\/\/api.w.org\/{rel}","templated":true}]}}