{"id":1434,"date":"2026-02-17T14:54:07","date_gmt":"2026-02-17T13:54:07","guid":{"rendered":"https:\/\/loucabasson.geek-tonic.dev\/contact-acces-bormes-les-mimosas\/"},"modified":"2026-04-14T15:03:16","modified_gmt":"2026-04-14T13:03:16","slug":"kontakt-und-anfahrtbormes-les-mimosas","status":"publish","type":"page","link":"https:\/\/loucabasson.geek-tonic.dev\/de\/kontakt-und-anfahrtbormes-les-mimosas\/","title":{"rendered":"Kontakt"},"content":{"rendered":"\n<section class=\"wp-block-group section-5 has-custom-color-1-background-color has-background has-global-padding is-layout-constrained wp-container-core-group-is-layout-bdf6a742 wp-block-group-is-layout-constrained\" style=\"margin-top:0px;margin-bottom:0px;padding-top:8rem;padding-right:5rem;padding-bottom:8rem;padding-left:5rem\">\n<div class=\"wp-block-columns are-vertically-aligned-bottom is-layout-flex wp-container-core-columns-is-layout-6b276c36 wp-block-columns-is-layout-flex\">\n<div class=\"wp-block-column is-vertically-aligned-bottom title is-layout-flow wp-block-column-is-layout-flow\" style=\"padding-top:0px;padding-right:0px;padding-bottom:0px;padding-left:0px\">\n<div class=\"wp-block-group has-global-padding is-layout-constrained wp-container-core-group-is-layout-352d76a5 wp-block-group-is-layout-constrained\" style=\"border-top-color:var(--wp--preset--color--base-2);border-top-width:1px;margin-top:0px;margin-bottom:0px;padding-top:2rem\">\n<p class=\"has-base-2-color has-text-color has-link-color has-gc-milan-headline-font-family wp-elements-babdf59b5dd58f9ed3585080991e095f\" style=\"font-size:clamp(3.053rem, 3.053rem + ((1vw - 0.2rem) * 4.978), 6.04rem);font-style:normal;font-weight:500;line-height:1\">Kontakt &amp; Infos<\/p>\n<\/div>\n<\/div>\n\n\n\n<div class=\"wp-block-column is-vertically-aligned-bottom is-layout-flow wp-block-column-is-layout-flow\">\n<figure class=\"wp-block-image size-full has-custom-border\"><img loading=\"lazy\" decoding=\"async\" width=\"1920\" height=\"1280\" src=\"https:\/\/loucabasson.geek-tonic.dev\/wp-content\/uploads\/2026\/03\/PISCINE3.jpg\" alt=\"PISCINE3\" class=\"wp-image-964\" style=\"border-top-left-radius:25px;border-top-right-radius:25px;border-bottom-left-radius:25px;border-bottom-right-radius:25px\" srcset=\"https:\/\/loucabasson.geek-tonic.dev\/wp-content\/uploads\/2026\/03\/PISCINE3.jpg 1920w, https:\/\/loucabasson.geek-tonic.dev\/wp-content\/uploads\/2026\/03\/PISCINE3-300x200.jpg 300w, https:\/\/loucabasson.geek-tonic.dev\/wp-content\/uploads\/2026\/03\/PISCINE3-1024x683.jpg 1024w, https:\/\/loucabasson.geek-tonic.dev\/wp-content\/uploads\/2026\/03\/PISCINE3-768x512.jpg 768w, https:\/\/loucabasson.geek-tonic.dev\/wp-content\/uploads\/2026\/03\/PISCINE3-1536x1024.jpg 1536w\" sizes=\"auto, (max-width: 1920px) 100vw, 1920px\" \/><\/figure>\n<\/div>\n\n\n\n<div class=\"wp-block-column is-vertically-aligned-bottom content is-layout-flow wp-block-column-is-layout-flow\" style=\"border-top-style:none;border-top-width:0px\">\n<div class=\"wp-block-group has-global-padding is-layout-constrained wp-container-core-group-is-layout-352d76a5 wp-block-group-is-layout-constrained\" style=\"border-top-color:var(--wp--preset--color--base-2);border-top-width:1px;margin-top:0px;margin-bottom:0px;padding-top:2rem\">\n<h1 class=\"wp-block-heading has-base-2-color has-text-color has-link-color wp-elements-6ffdcf91a4fe714a3d9373361f6c2ae6\">Kontakt und Anfahrt zum Campingplatz<\/h1>\n\n\n    <div id=\"gt-fse-lire-plus-69e3d0bd16c2a\" class=\"gt-fse-lire-plus\" style=\"--min-height: 130px; background-color: #003d58;\">\n        <input id=\"gt-fse-lire-plus-69e3d0bd16c2a-toggle\" type=\"checkbox\" class=\"gt-fse-lire-plus__toggle\" \/>\n        <label for=\"gt-fse-lire-plus-69e3d0bd16c2a-toggle\" class=\"gt-fse-lire-plus__toggle-label\">\n            <span>Weiterlesen<\/span>\n            <span>Weniger anzeigen<\/span>\n        <\/label>\n        <div class=\"gt-fse-lire-plus__content\">\n            \n\n<p class=\"has-base-2-color has-text-color has-link-color wp-elements-5755e8395ab8b9931fdad06d38a4b550\">M\u00f6chten Sie Ihren n\u00e4chsten Urlaub auf dem Campingplatz Lou Cabasson, <a href=\"https:\/\/loucabasson.geek-tonic.dev\/de\/\" data-type=\"page\" data-id=\"5\">Ihrem Campingplatz in Bormes-les-Mimosas<\/a>, organisieren? Unser Team steht Ihnen zur Verf\u00fcgung, um alle Ihre Fragen zu beantworten und Sie bei der Vorbereitung Ihres Aufenthalts zu begleiten. Nachfolgend finden Sie unsere <strong>Kontaktdaten<\/strong> und alle<strong> praktischen Informationen<\/strong>, um uns zu kontaktieren und unseren 3-Sterne-Campingplatz im Departement Var zu besuchen.  <\/p>\n\n            <div class=\"gt-fse-lire-plus__gradient\" style=\"background: linear-gradient(to bottom,rgba(0,61,88,0) 0%,rgba(0,61,88,1) 100%);\"><\/div>\n        <\/div>\n    <\/div>\n    <\/div>\n<\/div>\n<\/div>\n<\/section>\n\n<section class=\"wp-block-group section-6 has-base-2-background-color has-background has-global-padding is-layout-constrained wp-container-core-group-is-layout-cb1b645e wp-block-group-is-layout-constrained\" style=\"margin-top:0px;margin-bottom:0px;padding-top:6.5rem;padding-right:5rem;padding-bottom:6.5rem;padding-left:5rem\">\n<div class=\"wp-block-columns are-vertically-aligned-center is-layout-flex wp-container-core-columns-is-layout-1b715042 wp-block-columns-is-layout-flex\">\n<div class=\"wp-block-column is-vertically-aligned-center is-layout-flow wp-block-column-is-layout-flow\" style=\"flex-basis:33.33%\">\n<h2 class=\"wp-block-heading has-custom-color-2-color has-text-color has-link-color wp-elements-9f18cce626cf11c30847a15342b810e2\">Kontaktieren Sie uns<\/h2>\n\n\n\n<p>Wenn Sie mehr \u00fcber unseren 3-Sterne-Familiencampingplatz<strong> <\/strong>in Bormes les Mimosas, \u00fcber die Aktivit\u00e4ten in der Umgebung oder \u00fcber unsere verschiedenen Dienstleistungen wissen m\u00f6chten, k\u00f6nnen Sie <strong>uns<\/strong> gerne per E-Mail, Telefon oder \u00fcber das Kontaktformular <strong>kontaktieren<\/strong>.  <\/p>\n\n\n\n<p><strong>Per Telefon:<\/strong> <strong>04 94 15 20 72<\/strong> Unser mehrsprachiges Team (Franz\u00f6sisch, Englisch, Italienisch) empf\u00e4ngt Sie an der Rezeption von <strong>9.00 bis 12.00 Uhr<\/strong> und <strong>von 14.00 bis 19.00 Uhr in der Nebensaison &#8211; von 9.00 bis 13.00 Uhr und von 14.00 bis 20.00 Uhr in der Hochsaison<\/strong>.<\/p>\n\n\n\n<p><strong>Per E-Mail :<\/strong> <strong>contact@campingloucabasson.com<\/strong><\/p>\n\n\n\n<p><strong>\u00dcber das Kontaktformular:<\/strong> Sie k\u00f6nnen auch das Kontaktformular auf dieser Seite verwenden, um Ihre Anfrage direkt an uns zu richten. Wir verpflichten uns, Ihnen so schnell wie m\u00f6glich zu antworten. <\/p>\n\n\n\n<p>Unser gesamtes Team freut sich darauf, Ihre Erwartungen zu erf\u00fcllen und Ihnen einen Aufenthalt anzubieten, der Ihren W\u00fcnschen und Bed\u00fcrfnissen entspricht.<\/p>\n<\/div>\n\n\n\n<div class=\"wp-block-column is-vertically-aligned-center images is-layout-flow wp-block-column-is-layout-flow\" style=\"flex-basis:66.66%\">\n<figure class=\"wp-block-image size-full has-custom-border\"><img loading=\"lazy\" decoding=\"async\" width=\"2000\" height=\"1644\" src=\"https:\/\/loucabasson.geek-tonic.dev\/wp-content\/uploads\/2026\/04\/reception-camping-vacances.jpeg\" alt=\"Rezeption Feriencamping\" class=\"wp-image-1022\" style=\"border-top-left-radius:25px;border-top-right-radius:25px;border-bottom-left-radius:25px;border-bottom-right-radius:25px;box-shadow:var(--wp--preset--shadow--natural)\" srcset=\"https:\/\/loucabasson.geek-tonic.dev\/wp-content\/uploads\/2026\/04\/reception-camping-vacances.jpeg 2000w, https:\/\/loucabasson.geek-tonic.dev\/wp-content\/uploads\/2026\/04\/reception-camping-vacances-300x247.jpeg 300w, https:\/\/loucabasson.geek-tonic.dev\/wp-content\/uploads\/2026\/04\/reception-camping-vacances-1024x842.jpeg 1024w, https:\/\/loucabasson.geek-tonic.dev\/wp-content\/uploads\/2026\/04\/reception-camping-vacances-768x631.jpeg 768w, https:\/\/loucabasson.geek-tonic.dev\/wp-content\/uploads\/2026\/04\/reception-camping-vacances-1536x1263.jpeg 1536w\" sizes=\"auto, (max-width: 2000px) 100vw, 2000px\" \/><\/figure>\n<\/div>\n<\/div>\n<\/section>\n\n<section class=\"wp-block-group section-6 has-base-2-background-color has-background has-global-padding is-layout-constrained wp-container-core-group-is-layout-cb1b645e wp-block-group-is-layout-constrained\" style=\"margin-top:0px;margin-bottom:0px;padding-top:6.5rem;padding-right:5rem;padding-bottom:6.5rem;padding-left:5rem\">\n<div class=\"wp-block-columns are-vertically-aligned-center is-layout-flex wp-container-core-columns-is-layout-1b715042 wp-block-columns-is-layout-flex\">\n<div class=\"wp-block-column is-vertically-aligned-center images is-layout-flow wp-block-column-is-layout-flow\" style=\"flex-basis:66.66%\">\n<figure class=\"wp-block-image size-full has-custom-border\"><img loading=\"lazy\" decoding=\"async\" width=\"2000\" height=\"1333\" src=\"https:\/\/loucabasson.geek-tonic.dev\/wp-content\/uploads\/2026\/03\/Bormes-les-Mimosas-var.jpeg\" alt=\"Bormes les Mimosas var\" class=\"wp-image-912\" style=\"border-top-left-radius:25px;border-top-right-radius:25px;border-bottom-left-radius:25px;border-bottom-right-radius:25px;box-shadow:var(--wp--preset--shadow--natural)\" srcset=\"https:\/\/loucabasson.geek-tonic.dev\/wp-content\/uploads\/2026\/03\/Bormes-les-Mimosas-var.jpeg 2000w, https:\/\/loucabasson.geek-tonic.dev\/wp-content\/uploads\/2026\/03\/Bormes-les-Mimosas-var-300x200.jpeg 300w, https:\/\/loucabasson.geek-tonic.dev\/wp-content\/uploads\/2026\/03\/Bormes-les-Mimosas-var-1024x682.jpeg 1024w, https:\/\/loucabasson.geek-tonic.dev\/wp-content\/uploads\/2026\/03\/Bormes-les-Mimosas-var-768x512.jpeg 768w, https:\/\/loucabasson.geek-tonic.dev\/wp-content\/uploads\/2026\/03\/Bormes-les-Mimosas-var-1536x1024.jpeg 1536w\" sizes=\"auto, (max-width: 2000px) 100vw, 2000px\" \/><\/figure>\n<\/div>\n\n\n\n<div class=\"wp-block-column is-vertically-aligned-center is-layout-flow wp-block-column-is-layout-flow\" style=\"flex-basis:33.33%\">\n<h2 class=\"wp-block-heading has-custom-color-2-color has-text-color has-link-color wp-elements-75a4f86fb079964a632110e2168d63fb\">Zugang zum Campingplatz in Bormes-les-Mimosas<\/h2>\n\n\n\n<p><strong>Adresse :<\/strong> <\/p>\n\n\n\n<p>Campingplatz Lou Cabasson,<br\/>2168 Route de Cabasson,<br\/>83230 Bormes-les-Mimosas<\/p>\n\n\n\n<p><strong>GPS-Koordinaten:<\/strong><br\/>Breitengrad: <strong>43.12432<\/strong> | L\u00e4ngengrad: <strong>6.33322<\/strong><\/p>\n\n\n\n<p><strong>Mit dem Auto:<\/strong> Von der Autobahn A57 nehmen Sie die Ausfahrt <strong>Hy\u00e8res<\/strong> (20 km entfernt), folgen Sie der Richtung Le Lavandou \/ Bormes-les-Mimosas (RD559). Wenn Sie in Bormes-les-Mimosas angekommen sind, folgen Sie den Schildern Richtung Route de Cabasson \/ Fort de Br\u00e9gan\u00e7on. Der Campingplatz liegt 3 km vom Stadtzentrum entfernt.  <\/p>\n\n\n\n<p><strong>Mit dem Zug:<\/strong> Der n\u00e4chstgelegene TGV-Bahnhof ist <strong>Toulon<\/strong> (40 km) oder <strong>Hy\u00e8res<\/strong> (20 km). Von diesen Bahnh\u00f6fen aus k\u00f6nnen Sie ein Auto mieten, die regionalen Buslinien nutzen oder ein Taxi nehmen. <\/p>\n\n\n\n<p><strong>Mit dem Flugzeug :<\/strong><\/p>\n\n\n\n<ul class=\"wp-block-list\">\n<li><strong>Flughafen Toulon-Hy\u00e8res<\/strong>: 25 km (ca. 25 min mit dem Auto)<\/li>\n\n\n\n<li><strong>Flughafen Marseille-Provence<\/strong>: 130 km (ca. 1,5 Stunden)<\/li>\n\n\n\n<li><strong>Flughafen Nice C\u00f4te d&#8217;Azur<\/strong>: 150 km (ca. 1 Stunde 45 Minuten)<\/li>\n<\/ul>\n\n\n\n<p>Autovermietungen sind an jedem Flughafen verf\u00fcgbar. Es gibt auch einen Regionalbus oder ein Taxi nach Bormes-les-Mimosas. <\/p>\n\n\n\n<p>Parkplatz<strong>:<\/strong> Auf dem Campingplatz steht Ihnen ein kostenloser Parkplatz zur Verf\u00fcgung, auf dem Sie Ihr Fahrzeug w\u00e4hrend Ihres Aufenthalts sicher parken k\u00f6nnen.<\/p>\n\n\n\n<p>Bis bald auf dem Campingplatz Lou Cabasson!<\/p>\n<\/div>\n<\/div>\n<\/section>\n","protected":false},"excerpt":{"rendered":"<p>Kontakt &amp; Infos Kontakt und Anfahrt zum Campingplatz Kontaktieren Sie uns Wenn Sie mehr \u00fcber unseren 3-Sterne-Familiencampingplatz in Bormes les Mimosas, \u00fcber die Aktivit\u00e4ten in der Umgebung oder \u00fcber unsere verschiedenen Dienstleistungen wissen m\u00f6chten, k\u00f6nnen Sie uns gerne per E-Mail, Telefon oder \u00fcber das Kontaktformular kontaktieren. Per Telefon: 04 94 15 20 72 Unser mehrsprachiges [&hellip;]<\/p>\n","protected":false},"author":1,"featured_media":1058,"parent":0,"menu_order":0,"comment_status":"closed","ping_status":"closed","template":"","meta":{"_seopress_robots_primary_cat":"","_seopress_titles_title":"Kontakt, Anfahrt Campingplatz Lou Cabasson Bormes-les-Mimosas (83)","_seopress_titles_desc":"","_seopress_robots_index":"","_gt_ctv_global_id":"","_gt_ctv_id_group":false,"inline_featured_image":false,"gt_fse_maillage_image":"https:\/\/loucabasson.geek-tonic.dev\/wp-content\/uploads\/2026\/04\/CAB-SUP-1.jpg","gt_fse_maillage_titre":"Kontakt","gt_fse_maillage_alt":"Kontakt","gt_fse_maillage_resume":"Kontakt","footnotes":""},"categories":[],"tags":[],"class_list":["post-1434","page","type-page","status-publish","has-post-thumbnail","hentry"],"_links":{"self":[{"href":"https:\/\/loucabasson.geek-tonic.dev\/de\/wp-json\/wp\/v2\/pages\/1434","targetHints":{"allow":["GET"]}}],"collection":[{"href":"https:\/\/loucabasson.geek-tonic.dev\/de\/wp-json\/wp\/v2\/pages"}],"about":[{"href":"https:\/\/loucabasson.geek-tonic.dev\/de\/wp-json\/wp\/v2\/types\/page"}],"author":[{"embeddable":true,"href":"https:\/\/loucabasson.geek-tonic.dev\/de\/wp-json\/wp\/v2\/users\/1"}],"replies":[{"embeddable":true,"href":"https:\/\/loucabasson.geek-tonic.dev\/de\/wp-json\/wp\/v2\/comments?post=1434"}],"version-history":[{"count":9,"href":"https:\/\/loucabasson.geek-tonic.dev\/de\/wp-json\/wp\/v2\/pages\/1434\/revisions"}],"predecessor-version":[{"id":1539,"href":"https:\/\/loucabasson.geek-tonic.dev\/de\/wp-json\/wp\/v2\/pages\/1434\/revisions\/1539"}],"wp:featuredmedia":[{"embeddable":true,"href":"https:\/\/loucabasson.geek-tonic.dev\/de\/wp-json\/wp\/v2\/media\/1058"}],"wp:attachment":[{"href":"https:\/\/loucabasson.geek-tonic.dev\/de\/wp-json\/wp\/v2\/media?parent=1434"}],"wp:term":[{"taxonomy":"category","embeddable":true,"href":"https:\/\/loucabasson.geek-tonic.dev\/de\/wp-json\/wp\/v2\/categories?post=1434"},{"taxonomy":"post_tag","embeddable":true,"href":"https:\/\/loucabasson.geek-tonic.dev\/de\/wp-json\/wp\/v2\/tags?post=1434"}],"curies":[{"name":"wp","href":"https:\/\/api.w.org\/{rel}","templated":true}]}}