{"id":1426,"date":"2026-02-17T14:54:17","date_gmt":"2026-02-17T13:54:17","guid":{"rendered":"https:\/\/loucabasson.geek-tonic.dev\/mentions-legales\/"},"modified":"2026-04-14T15:13:54","modified_gmt":"2026-04-14T13:13:54","slug":"rechtliche-hinweise","status":"publish","type":"page","link":"https:\/\/loucabasson.geek-tonic.dev\/de\/rechtliche-hinweise\/","title":{"rendered":"Rechtliche Hinweise"},"content":{"rendered":"\n<div class=\"wp-block-group title-breadcrumb has-border-color has-global-padding is-layout-constrained wp-container-core-group-is-layout-9357567d wp-block-group-is-layout-constrained\" style=\"border-color:#ffffff00;border-width:4rem;padding-top:8rem;padding-right:8rem;padding-bottom:8rem;padding-left:8rem\">\n<h1 class=\"wp-block-heading has-text-align-center has-custom-color-1-color has-text-color has-link-color has-gc-milan-headline-font-family wp-elements-76b72ea3f3ad1ef5e22b86f74ad56aa5\" style=\"font-size:clamp(1.743rem, 1.743rem + ((1vw - 0.2rem) * 2.095), 3rem);line-height:1\"><strong>Rechtliche Hinweise<\/strong><\/h1>\n\n\n\n<hr class=\"wp-block-separator has-alpha-channel-opacity\" style=\"margin-top:var(--wp--preset--spacing--40);margin-bottom:var(--wp--preset--spacing--40)\"\/>\n\n\n\n<h2 class=\"wp-block-heading has-custom-color-1-color has-text-color has-link-color has-retcaro-font-family wp-elements-36a218c2ddb2f5fedc6847efa328eae2\" id=\"gdpr-1\" style=\"font-size:clamp(1.25rem, 1.25rem + ((1vw - 0.2rem) * 1.25), 2rem);line-height:1\">VERANTWORTLICH F\u00dcR DIE WEBSITE<\/h2>\n\n\n\n<p><strong>Camping Lou Cabasson<\/strong><br\/>2168 Rte de Cabasson, 83230, Bormes-les-Mimosas<br\/>Tel. +33494152072<br\/>Email: contact@campingloucabasson.com<br\/>SIRET: 401 196 126 00015<br\/>Gesellschaftskapital von 10.000 \u20ac<br\/>Umsatzsteuer-Identifikationsnummer: FR71401196126<br\/>Verantwortlich f\u00fcr die Ver\u00f6ffentlichung :<\/p>\n\n\n\n<h2 class=\"wp-block-heading\">REALISIERUNG<\/h2>\n\n\n\n<p><strong>GEEK TONIC<\/strong><br\/>Vertreten durch Herrn Yohann Darmayan in seiner Eigenschaft als Gesch\u00e4ftsf\u00fchrer<br\/>Eingetragener Sitz: 16 chemin de Sabalce 64100 Bayonne<br\/>Tel.: 05 32 74 11 52<br\/>E-Mail: support@geek-tonic.com<br\/>Website: <a href=\"https:\/\/www.geek-tonic.com\/\" target=\"_blank\" rel=\"noreferrer noopener\">www.geek-tonic.com<\/a><br\/>SIRET: 89746755100031<br\/>APE: 6201Z<\/p>\n\n\n\n<h2 class=\"wp-block-heading\">Redaktioneller Inhalt<\/h2>\n\n\n\n<p>Die Website bietet redaktionelle Inhalte (Hotel, Zimmer&#8230;) nur zu Dokumentationszwecken und zu Informationszwecken. Diese Inhalte sind als Denkanst\u00f6\u00dfe zu verstehen. Die Nutzer werden vom Herausgeber aufgefordert, diese Informationen mit kritischem Geist und Urteilsverm\u00f6gen zu nutzen.  <\/p>\n\n\n\n<h2 class=\"wp-block-heading\">Hyperlinks zu Websites Dritter<\/h2>\n\n\n\n<p>Die Website enth\u00e4lt Hypertext-Links zu Websites, die von Dritten herausgegeben werden. Die Einrichtung dieser Links bedeutet nicht, dass der Herausgeber den Inhalt dieser Websites billigt. Der Herausgeber kann den Inhalt dieser Websites nicht st\u00e4ndig \u00fcberpr\u00fcfen und kann daher nicht garantieren: die Richtigkeit, Zuverl\u00e4ssigkeit, Relevanz, Aktualisierung oder Vollst\u00e4ndigkeit ihres Inhalts; ihren Zugang und ihr gutes technisches Funktionieren. Der Herausgeber haftet daher nicht f\u00fcr eventuelle Streitigkeiten zwischen einer auf der Website verlinkten Website und einem Nutzer. Nur die Herausgeber der Websites, auf die auf der Website verwiesen wird, k\u00f6nnen haftbar gemacht werden.    <\/p>\n\n\n\n<h2 class=\"wp-block-heading\">Schutz der Privatsph\u00e4re und der pers\u00f6nlichen Daten<\/h2>\n\n\n\n<p>Die Website sammelt pers\u00f6nliche Informationen, die von den Nutzern bei ihrem Besuch auf der Website angegeben werden. Diese Sammlung erm\u00f6glicht : Die Erstellung von allgemeinen Statistiken \u00fcber den Verkehr auf der Website; die Versendung von Antworten, verschiedenen Informationen oder Anzeigen des Herausgebers an die von den Nutzern angegebenen E-Mail-Adressen. Die Sammlung und Verarbeitung von pers\u00f6nlichen Informationen im Internet muss unter Beachtung der Grundrechte der Personen erfolgen. Daher verpflichtet sich der Herausgeber zu einer Verarbeitungspolitik in \u00dcbereinstimmung mit dem Gesetz Nr. 2004-575 vom 21. Juni 2004 f\u00fcr das Vertrauen in die digitale Wirtschaft. Jeder Nutzer der Website hat das Recht, auf die ihn betreffenden pers\u00f6nlichen Daten zuzugreifen, sie zu \u00e4ndern, zu berichtigen oder zu l\u00f6schen. Er kann diese Rechte aus\u00fcben, indem er den Herausgeber \u00fcber die im oberen Teil der Seite angegebenen Kontaktdaten kontaktiert. Um die Aus\u00fcbung dieser Rechte zu erleichtern, k\u00f6nnen sich die Nutzer der Website abmelden, indem sie auf die Abmeldelinks in den E-Mails klicken, die ihnen zugesandt werden. Die Computer, die sich mit den Servern der Website verbinden, erhalten auf ihrer Festplatte eine oder mehrere Dateien in einem sehr leichten Textformat, die allgemein als &#8222;Cookies&#8220; bezeichnet werden. Cookies speichern Informationen \u00fcber die Navigation auf der Website, die von dem Computer aus erfolgt, auf dem das &#8222;Cookie&#8220; gespeichert ist (die besuchten Seiten, das Datum und die Uhrzeit des Besuchs usw.). Sie erm\u00f6glichen es, aufeinanderfolgende Besuche von demselben Computer aus zu identifizieren. Personen, die mit der Website verbunden sind, haben das Recht, die Speicherung von &#8222;Cookies&#8220; zu verweigern. Dazu k\u00f6nnen sie die entsprechenden Funktionen ihres Browsers nutzen. Der Herausgeber weist die Nutzer jedoch darauf hin, dass in einem solchen Fall der Zugang zu bestimmten Diensten der Website beeintr\u00e4chtigt oder sogar unm\u00f6glich sein kann.            <\/p>\n\n\n\n<h2 class=\"wp-block-heading\">Sicherheit des Handels<\/h2>\n\n\n\n<p>Der Herausgeber verpflichtet sich, alle rechtlichen und technischen Ma\u00dfnahmen zu ergreifen, um den Datenaustausch zu sichern. In diesem Zusammenhang verpflichtet sich der Herausgeber zu einer Mittelverpflichtung, um die Entwendung von Daten zu verhindern und die geltenden Vorschriften einzuhalten. Dennoch sind den Nutzern der Website die technischen Besonderheiten des Internets und die damit verbundenen Risiken bekannt. Daher kann der Ver\u00f6ffentlicher seinen Nutzern nicht garantieren, dass die \u00fcber die auf der Website angebotenen Dienste ausgetauschten Daten nicht in betr\u00fcgerischer Weise von Dritten gesammelt werden.   <\/p>\n\n\n\n<h2 class=\"wp-block-heading\">Rechte an geistigem Eigentum<\/h2>\n\n\n\n<p>Der Herausgeber ist Inhaber von Rechten an bestimmten Daten, die durch das Gesetz \u00fcber geistiges Eigentum gesch\u00fctzt sind. Dies gilt insbesondere f\u00fcr seine Marke(n), seine Grafiken und seine Datenbank. Folglich ist es verboten, diese Daten ohne die ausdr\u00fcckliche Zustimmung des Herausgebers offline oder online, kostenlos oder gegen Entgelt ganz oder teilweise zu nutzen.  <\/p>\n\n\n\n<h2 class=\"wp-block-heading\">Verf\u00fcgbarkeit der Dienste<\/h2>\n\n\n\n<p>Der Ver\u00f6ffentlicher hat eine Mittelverpflichtung hinsichtlich der Zug\u00e4nglichkeit des Dienstes und setzt die notwendigen Strukturen ein, um die Website an 7 Tagen in der Woche und 24 Stunden am Tag zug\u00e4nglich zu machen. Der Ver\u00f6ffentlicher kann jedoch den Zugang ohne vorherige Ank\u00fcndigung aussetzen, insbesondere f\u00fcr Wartungsarbeiten und Upgrades. Der Ver\u00f6ffentlicher haftet in keinem Fall f\u00fcr eventuelle Sch\u00e4den, die dem Nutzer oder Dritten daraus entstehen k\u00f6nnen. Der Ver\u00f6ffentlicher kann jederzeit alle oder einen Teil seiner Dienste einstellen oder deren Inhalt \u00e4ndern, insbesondere aus technischen Gr\u00fcnden, und dies ohne vorherige Ank\u00fcndigung. Der Ver\u00f6ffentlicher beh\u00e4lt sich das Recht vor, einseitig und ohne vorherige Ank\u00fcndigung jedem Nutzer den Zugang zur gesamten oder zu Teilen der Website zu verweigern. Eine solche Entscheidung kann insbesondere dann getroffen werden, wenn ein Nutzer die Bedingungen des vorliegenden Textes nicht einh\u00e4lt.     <\/p>\n\n\n\n<h2 class=\"wp-block-heading\">Ombudsmann bei Streitigkeiten<\/h2>\n\n\n\n<p>Nachdem der Kunde sich an den Kundendienst gewandt hat und keine zufriedenstellende Antwort erhalten hat oder innerhalb von 60 Tagen keine Antwort erhalten hat, kann er sich kostenlos an den Ombudsmann f\u00fcr Tourismus und Reisen wenden, dessen Kontaktdaten und Modalit\u00e4ten auf der Website: www.mtv.travel zu finden sind.<\/p>\n\n\n\n<h2 class=\"wp-block-heading\">Adresse der Verbraucherschlichtung<\/h2>\n\n\n\n<p>Vermittlung von Tourismus und Reisen<\/p>\n\n\n\n<p>BP 80303<\/p>\n\n\n\n<p>75823 Paris Cedex 17<\/p>\n\n\n\n<h2 class=\"wp-block-heading\">Telefonwerbung<\/h2>\n\n\n\n<p>Sie haben die M\u00f6glichkeit, sich auf der Bloctel-Liste gegen Telefonwerbung unter https:\/\/conso.bloctel.fr einzutragen.<\/p>\n\n\n\n<h2 class=\"wp-block-heading\">Anwendbares Recht<\/h2>\n\n\n\n<p>Dieser Text unterliegt dem franz\u00f6sischen Recht. Der Herausgeber beh\u00e4lt sich das Recht vor, die Bedingungen und Hinweise jederzeit zu \u00e4ndern. <\/p>\n<\/div>\n","protected":false},"excerpt":{"rendered":"<p>Rechtliche Hinweise VERANTWORTLICH F\u00dcR DIE WEBSITE Camping Lou Cabasson2168 Rte de Cabasson, 83230, Bormes-les-MimosasTel. +33494152072Email: contact@campingloucabasson.comSIRET: 401 196 126 00015Gesellschaftskapital von 10.000 \u20acUmsatzsteuer-Identifikationsnummer: FR71401196126Verantwortlich f\u00fcr die Ver\u00f6ffentlichung : REALISIERUNG GEEK TONICVertreten durch Herrn Yohann Darmayan in seiner Eigenschaft als Gesch\u00e4ftsf\u00fchrerEingetragener Sitz: 16 chemin de Sabalce 64100 BayonneTel.: 05 32 74 11 52E-Mail: support@geek-tonic.comWebsite: www.geek-tonic.comSIRET: 89746755100031APE: [&hellip;]<\/p>\n","protected":false},"author":1,"featured_media":986,"parent":0,"menu_order":0,"comment_status":"closed","ping_status":"closed","template":"","meta":{"_seopress_robots_primary_cat":"","_seopress_titles_title":"Rechtliche Hinweise","_seopress_titles_desc":"","_seopress_robots_index":"yes","_gt_ctv_global_id":"","_gt_ctv_id_group":false,"inline_featured_image":false,"gt_fse_maillage_image":"https:\/\/loucabasson.geek-tonic.dev\/wp-content\/uploads\/2026\/03\/ile-de-porquerolles-var-france.jpeg","gt_fse_maillage_titre":"Rechtliche Hinweise","gt_fse_maillage_alt":"Automatischer Entwurf","gt_fse_maillage_resume":"","footnotes":""},"categories":[],"tags":[],"class_list":["post-1426","page","type-page","status-publish","has-post-thumbnail","hentry"],"_links":{"self":[{"href":"https:\/\/loucabasson.geek-tonic.dev\/de\/wp-json\/wp\/v2\/pages\/1426","targetHints":{"allow":["GET"]}}],"collection":[{"href":"https:\/\/loucabasson.geek-tonic.dev\/de\/wp-json\/wp\/v2\/pages"}],"about":[{"href":"https:\/\/loucabasson.geek-tonic.dev\/de\/wp-json\/wp\/v2\/types\/page"}],"author":[{"embeddable":true,"href":"https:\/\/loucabasson.geek-tonic.dev\/de\/wp-json\/wp\/v2\/users\/1"}],"replies":[{"embeddable":true,"href":"https:\/\/loucabasson.geek-tonic.dev\/de\/wp-json\/wp\/v2\/comments?post=1426"}],"version-history":[{"count":8,"href":"https:\/\/loucabasson.geek-tonic.dev\/de\/wp-json\/wp\/v2\/pages\/1426\/revisions"}],"predecessor-version":[{"id":1573,"href":"https:\/\/loucabasson.geek-tonic.dev\/de\/wp-json\/wp\/v2\/pages\/1426\/revisions\/1573"}],"wp:featuredmedia":[{"embeddable":true,"href":"https:\/\/loucabasson.geek-tonic.dev\/de\/wp-json\/wp\/v2\/media\/986"}],"wp:attachment":[{"href":"https:\/\/loucabasson.geek-tonic.dev\/de\/wp-json\/wp\/v2\/media?parent=1426"}],"wp:term":[{"taxonomy":"category","embeddable":true,"href":"https:\/\/loucabasson.geek-tonic.dev\/de\/wp-json\/wp\/v2\/categories?post=1426"},{"taxonomy":"post_tag","embeddable":true,"href":"https:\/\/loucabasson.geek-tonic.dev\/de\/wp-json\/wp\/v2\/tags?post=1426"}],"curies":[{"name":"wp","href":"https:\/\/api.w.org\/{rel}","templated":true}]}}